{"id":7219,"date":"2023-09-26T16:38:52","date_gmt":"2023-09-26T19:38:52","guid":{"rendered":"https:\/\/vendifacil.online\/dirosa\/?post_type=product&#038;p=7219"},"modified":"2024-01-10T18:19:56","modified_gmt":"2024-01-10T21:19:56","slug":"vestido-listrado","status":"publish","type":"product","link":"https:\/\/vendifacil.online\/dirosa\/product\/vestido-listrado\/","title":{"rendered":"VESTIDO LISTRADO"},"content":{"rendered":"","protected":false},"excerpt":{"rendered":"<p>Vestido tomara que caia, com fenda \u00fanica lateral, dispon\u00edvel no preto e branco na malha suplex, e pink e lil\u00e1s na malha canelada.<br \/>\nOBS: listra que aparece mais branco \u00e9 cor branca, a listra preto e branco a cor \u00e9 preta. Na hora de selecionar a cor nas bolinhas, na d\u00favida, consultar no whatsapp.<\/p>\n","protected":false},"featured_media":7256,"template":"","meta":{"site-sidebar-layout":"default","site-content-layout":"","ast-site-content-layout":"","site-content-style":"default","site-sidebar-style":"default","ast-global-header-display":"","ast-banner-title-visibility":"","ast-main-header-display":"","ast-hfb-above-header-display":"","ast-hfb-below-header-display":"","ast-hfb-mobile-header-display":"","site-post-title":"","ast-breadcrumbs-content":"","ast-featured-img":"","footer-sml-layout":"","theme-transparent-header-meta":"","adv-header-id-meta":"","stick-header-meta":"","header-above-stick-meta":"","header-main-stick-meta":"","header-below-stick-meta":"","astra-migrate-meta-layouts":"default","ast-page-background-enabled":"default","ast-page-background-meta":{"desktop":{"background-color":"var(--ast-global-color-4)","background-image":"","background-repeat":"repeat","background-position":"center center","background-size":"auto","background-attachment":"scroll","background-type":"","background-media":"","overlay-type":"","overlay-color":"","overlay-gradient":""},"tablet":{"background-color":"","background-image":"","background-repeat":"repeat","background-position":"center center","background-size":"auto","background-attachment":"scroll","background-type":"","background-media":"","overlay-type":"","overlay-color":"","overlay-gradient":""},"mobile":{"background-color":"","background-image":"","background-repeat":"repeat","background-position":"center center","background-size":"auto","background-attachment":"scroll","background-type":"","background-media":"","overlay-type":"","overlay-color":"","overlay-gradient":""}},"ast-content-background-meta":{"desktop":{"background-color":"var(--ast-global-color-5)","background-image":"","background-repeat":"repeat","background-position":"center center","background-size":"auto","background-attachment":"scroll","background-type":"","background-media":"","overlay-type":"","overlay-color":"","overlay-gradient":""},"tablet":{"background-color":"var(--ast-global-color-5)","background-image":"","background-repeat":"repeat","background-position":"center center","background-size":"auto","background-attachment":"scroll","background-type":"","background-media":"","overlay-type":"","overlay-color":"","overlay-gradient":""},"mobile":{"background-color":"var(--ast-global-color-5)","background-image":"","background-repeat":"repeat","background-position":"center center","background-size":"auto","background-attachment":"scroll","background-type":"","background-media":"","overlay-type":"","overlay-color":"","overlay-gradient":""}}},"product_cat":[29],"product_tag":[],"_links":{"self":[{"href":"https:\/\/vendifacil.online\/dirosa\/wp-json\/wp\/v2\/product\/7219"}],"collection":[{"href":"https:\/\/vendifacil.online\/dirosa\/wp-json\/wp\/v2\/product"}],"about":[{"href":"https:\/\/vendifacil.online\/dirosa\/wp-json\/wp\/v2\/types\/product"}],"wp:featuredmedia":[{"embeddable":true,"href":"https:\/\/vendifacil.online\/dirosa\/wp-json\/wp\/v2\/media\/7256"}],"wp:attachment":[{"href":"https:\/\/vendifacil.online\/dirosa\/wp-json\/wp\/v2\/media?parent=7219"}],"wp:term":[{"taxonomy":"product_cat","embeddable":true,"href":"https:\/\/vendifacil.online\/dirosa\/wp-json\/wp\/v2\/product_cat?post=7219"},{"taxonomy":"product_tag","embeddable":true,"href":"https:\/\/vendifacil.online\/dirosa\/wp-json\/wp\/v2\/product_tag?post=7219"}],"curies":[{"name":"wp","href":"https:\/\/api.w.org\/{rel}","templated":true}]}}