{"id":7943,"date":"2024-01-16T12:26:27","date_gmt":"2024-01-16T15:26:27","guid":{"rendered":"https:\/\/vendifacil.online\/dirosa\/?post_type=product&#038;p=7943"},"modified":"2024-02-07T16:25:07","modified_gmt":"2024-02-07T19:25:07","slug":"regata-arrastao","status":"publish","type":"product","link":"https:\/\/vendifacil.online\/dirosa\/product\/regata-arrastao\/","title":{"rendered":"CROPPED ARRAST\u00c3O"},"content":{"rendered":"","protected":false},"excerpt":{"rendered":"<p>Cropped, de arrast\u00e3o, N\u00c3O ACOMPANHA TOP DE BAIXO, dispon\u00edvel em 6 cores.<\/p>\n","protected":false},"featured_media":7879,"template":"","meta":{"site-sidebar-layout":"default","site-content-layout":"","ast-site-content-layout":"default","site-content-style":"default","site-sidebar-style":"default","ast-global-header-display":"","ast-banner-title-visibility":"","ast-main-header-display":"","ast-hfb-above-header-display":"","ast-hfb-below-header-display":"","ast-hfb-mobile-header-display":"","site-post-title":"","ast-breadcrumbs-content":"","ast-featured-img":"","footer-sml-layout":"","theme-transparent-header-meta":"default","adv-header-id-meta":"","stick-header-meta":"","header-above-stick-meta":"","header-main-stick-meta":"","header-below-stick-meta":"","astra-migrate-meta-layouts":"set","ast-page-background-enabled":"default","ast-page-background-meta":{"desktop":{"background-color":"var(--ast-global-color-4)","background-image":"","background-repeat":"repeat","background-position":"center center","background-size":"auto","background-attachment":"scroll","background-type":"","background-media":"","overlay-type":"","overlay-color":"","overlay-gradient":""},"tablet":{"background-color":"","background-image":"","background-repeat":"repeat","background-position":"center center","background-size":"auto","background-attachment":"scroll","background-type":"","background-media":"","overlay-type":"","overlay-color":"","overlay-gradient":""},"mobile":{"background-color":"","background-image":"","background-repeat":"repeat","background-position":"center center","background-size":"auto","background-attachment":"scroll","background-type":"","background-media":"","overlay-type":"","overlay-color":"","overlay-gradient":""}},"ast-content-background-meta":{"desktop":{"background-color":"var(--ast-global-color-5)","background-image":"","background-repeat":"repeat","background-position":"center center","background-size":"auto","background-attachment":"scroll","background-type":"","background-media":"","overlay-type":"","overlay-color":"","overlay-gradient":""},"tablet":{"background-color":"var(--ast-global-color-5)","background-image":"","background-repeat":"repeat","background-position":"center center","background-size":"auto","background-attachment":"scroll","background-type":"","background-media":"","overlay-type":"","overlay-color":"","overlay-gradient":""},"mobile":{"background-color":"var(--ast-global-color-5)","background-image":"","background-repeat":"repeat","background-position":"center center","background-size":"auto","background-attachment":"scroll","background-type":"","background-media":"","overlay-type":"","overlay-color":"","overlay-gradient":""}}},"product_cat":[45],"product_tag":[],"_links":{"self":[{"href":"https:\/\/vendifacil.online\/dirosa\/wp-json\/wp\/v2\/product\/7943"}],"collection":[{"href":"https:\/\/vendifacil.online\/dirosa\/wp-json\/wp\/v2\/product"}],"about":[{"href":"https:\/\/vendifacil.online\/dirosa\/wp-json\/wp\/v2\/types\/product"}],"wp:featuredmedia":[{"embeddable":true,"href":"https:\/\/vendifacil.online\/dirosa\/wp-json\/wp\/v2\/media\/7879"}],"wp:attachment":[{"href":"https:\/\/vendifacil.online\/dirosa\/wp-json\/wp\/v2\/media?parent=7943"}],"wp:term":[{"taxonomy":"product_cat","embeddable":true,"href":"https:\/\/vendifacil.online\/dirosa\/wp-json\/wp\/v2\/product_cat?post=7943"},{"taxonomy":"product_tag","embeddable":true,"href":"https:\/\/vendifacil.online\/dirosa\/wp-json\/wp\/v2\/product_tag?post=7943"}],"curies":[{"name":"wp","href":"https:\/\/api.w.org\/{rel}","templated":true}]}}